{"id":13,"date":"2026-02-06T15:02:50","date_gmt":"2026-02-06T15:02:50","guid":{"rendered":"https:\/\/blackhauscanada.com\/contact\/"},"modified":"2026-04-08T13:53:50","modified_gmt":"2026-04-08T13:53:50","slug":"contact","status":"publish","type":"page","link":"https:\/\/blackhauscanada.com\/en\/contact\/","title":{"rendered":"Contact\/Soumission"},"content":{"rendered":"<div class=\"wp-block-uagb-container uagb-block-46435dbc alignfull uagb-is-root-container\"><div class=\"uagb-container-inner-blocks-wrap\">\n<div class=\"wp-block-uagb-container uagb-block-bdfc83c4\">\n<div class=\"wp-block-uagb-container uagb-block-d7cf6c30\">\n<div class=\"wp-block-uagb-info-box uagb-block-1f103230 uagb-infobox__content-wrap  uagb-infobox-icon-above-title uagb-infobox-image-valign-top\"><div class=\"uagb-ifb-content\"><div class=\"uagb-ifb-title-wrap\"><div class=\"uagb-ifb-separator\"><\/div><\/div><\/div><\/div>\n\n\n\n<div class=\"wp-block-uagb-advanced-heading uagb-block-2d748e59\"><h6 class=\"uagb-heading-text\">Rejoignez-nous\u200b<\/h6><\/div>\n<\/div>\n\n\n\n<div class=\"wp-block-uagb-advanced-heading uagb-block-17fbf6b2\"><h1 class=\"uagb-heading-text\">Contact<\/h1><\/div>\n<\/div>\n<\/div><\/div>\n\n\n\n<div class=\"wp-block-uagb-container uagb-block-a5a90253 alignfull uagb-is-root-container\"><div class=\"uagb-container-inner-blocks-wrap\">\n<div class=\"wp-block-uagb-info-box uagb-block-0de0419b uagb-infobox__content-wrap  uagb-infobox-icon-above-title uagb-infobox-image-valign-top\"><div class=\"uagb-ifb-content\"><div class=\"uagb-ifb-title-wrap\"><span class=\"uagb-ifb-title-prefix\">\/ 01<\/span><div class=\"uagb-ifb-separator\"><\/div><h4 class=\"uagb-ifb-title\">Vous avez des questions\u200b?<\/h4><\/div><\/div><\/div>\n\n\n\n<div class=\"wp-block-uagb-container uagb-block-bb59b924\">\n<div class=\"wp-block-uagb-info-box uagb-block-825bdf74 uagb-infobox__content-wrap  uagb-infobox-icon-above-title uagb-infobox-image-valign-top\"><div class=\"uagb-ifb-content\"><div class=\"uagb-ifb-title-wrap\"><div class=\"uagb-ifb-separator\"><\/div><\/div><\/div><\/div>\n\n\n\n<div class=\"wp-block-uagb-advanced-heading uagb-block-f7da1e5f\"><h6 class=\"uagb-heading-text\">envoyez-nous un message\u200b<\/h6><\/div>\n<\/div>\n\n\n\n<div class=\"wp-block-uagb-container uagb-block-94d81fe5\">\n<div class=\"wp-block-uagb-container uagb-block-172b399b\">\n<div class=\"wp-block-uagb-advanced-heading uagb-block-93915070\"><p class=\"uagb-desc-text\">Pour de plus amples renseignements ou pour discuter de votre projet, nous sommes l\u00e0 pour r\u00e9pondre \u00e0 vos questions. \u00c9crivez-nous et nous vous contacterons dans les plus brefs d\u00e9lais. <\/p><\/div>\n\n\n\n<div class=\"wp-block-uagb-info-box uagb-block-463c3b27 uagb-infobox__content-wrap  uagb-infobox-icon-left uagb-infobox-left uagb-infobox-image-valign-middle\"><div class=\"uagb-ifb-icon-wrap\"><svg xmlns=\"https:\/\/www.w3.org\/2000\/svg\" viewbox=\"0 0 384 512\"><path d=\"M168.3 499.2C116.1 435 0 279.4 0 192C0 85.96 85.96 0 192 0C298 0 384 85.96 384 192C384 279.4 267 435 215.7 499.2C203.4 514.5 180.6 514.5 168.3 499.2H168.3zM192 256C227.3 256 256 227.3 256 192C256 156.7 227.3 128 192 128C156.7 128 128 156.7 128 192C128 227.3 156.7 256 192 256z\"><\/path><\/svg><\/div><div class=\"uagb-ifb-content\"><div class=\"uagb-ifb-title-wrap\"><\/div><p class=\"uagb-ifb-desc\">Saint-Armand, Qu\u00e9bec, Canada.<\/p><\/div><\/div>\n\n\n\n<div class=\"wp-block-uagb-info-box uagb-block-caf03109 uagb-infobox__content-wrap  uagb-infobox-icon-left uagb-infobox-left uagb-infobox-image-valign-middle\"><div class=\"uagb-ifb-icon-wrap\"><svg xmlns=\"https:\/\/www.w3.org\/2000\/svg\" viewbox=\"0 0 512 512\"><path d=\"M464 64C490.5 64 512 85.49 512 112C512 127.1 504.9 141.3 492.8 150.4L275.2 313.6C263.8 322.1 248.2 322.1 236.8 313.6L19.2 150.4C7.113 141.3 0 127.1 0 112C0 85.49 21.49 64 48 64H464zM217.6 339.2C240.4 356.3 271.6 356.3 294.4 339.2L512 176V384C512 419.3 483.3 448 448 448H64C28.65 448 0 419.3 0 384V176L217.6 339.2z\"><\/path><\/svg><\/div><div class=\"uagb-ifb-content\"><div class=\"uagb-ifb-title-wrap\"><\/div><p class=\"uagb-ifb-desc\">info@blackhauscanada.com\u200b<\/p><\/div><\/div>\n<\/div>\n<\/div>\n\n\n\n<div class=\"wp-block-uagb-forms uagb-forms__outer-wrap uagb-block-9f5c2e2c uagb-forms__medium-btn\"><form class=\"uagb-forms-main-form\" method=\"post\" autocomplete=\"on\" name=\"uagb-form-9f5c2e2c\" action=\"\">\n<div class=\"wp-block-uagb-forms-name uagb-forms-name-wrap uagb-forms-field-set uagb-block-fd431d45\"><div class=\"uagb-forms-name-label required uagb-forms-input-label\" id=\"fd431d45\">Pr\u00e9nom, Nom<\/div><input type=\"text\" placeholder=\"\" required class=\"uagb-forms-name-input uagb-forms-input\" name=\"fd431d45\" autocomplete=\"given-name\"\/><\/div>\n\n\n\n<div class=\"wp-block-uagb-forms-name uagb-forms-name-wrap uagb-forms-field-set uagb-block-745630a8\"><div class=\"uagb-forms-name-label required uagb-forms-input-label\" id=\"745630a8\">Adresse courriel<\/div><input type=\"text\" placeholder=\"\" required class=\"uagb-forms-name-input uagb-forms-input\" name=\"745630a8\" autocomplete=\"off\"\/><\/div>\n\n\n\n<div class=\"wp-block-uagb-forms-name uagb-forms-name-wrap uagb-forms-field-set uagb-block-bee0a19c\"><div class=\"uagb-forms-name-label required uagb-forms-input-label\" id=\"bee0a19c\">Confirmer adresse courriel<\/div><input type=\"text\" placeholder=\"\" required class=\"uagb-forms-name-input uagb-forms-input\" name=\"bee0a19c\" autocomplete=\"off\"\/><\/div>\n\n\n\n<div class=\"wp-block-uagb-forms-textarea uagb-forms-textarea-wrap uagb-forms-field-set uagb-block-9d2c5cfb\"><div class=\"uagb-forms-textarea-label required uagb-forms-input-label\" id=\"9d2c5cfb\">Message<\/div><textarea required class=\"uagb-forms-textarea-input uagb-forms-input\" rows=\"4\" placeholder=\"\" name=\"9d2c5cfb\" autocomplete=\"off\"><\/textarea><\/div>\n<div class=\"uagb-forms-form-hidden-data\"><input type=\"hidden\" class=\"uagb_forms_form_label\" value=\"Spectra Form\"\/><input type=\"hidden\" class=\"uagb_forms_form_id\" value=\"uagb-form-9f5c2e2c\"\/><\/div><div class=\"uagb-form-reacaptcha-error-9f5c2e2c\"><\/div><div class=\"uagb-forms-main-submit-button-wrap wp-block-button\"><button class=\"uagb-forms-main-submit-button wp-block-button__link\"><div class=\"uagb-forms-main-submit-button-text\">Envoyer<\/div><\/button><\/div><input type=\"hidden\" name=\"trp-form-language\" value=\"en\"\/><\/form><div class=\"uagb-forms-success-message-9f5c2e2c uagb-forms-submit-message-hide\"><span>The form has been submitted successfully!<\/span><\/div><div class=\"uagb-forms-failed-message-9f5c2e2c uagb-forms-submit-message-hide\"><span>There has been some error while submitting the form. Please verify all form fields again.<\/span><\/div><\/div>\n\n\n\n<div class=\"wp-block-uagb-separator uagb-block-85e1d4ed\"><div class=\"wp-block-uagb-separator__inner\" style=\"--my-background-image:\"><\/div><\/div>\n\n\n\n<div class=\"wp-block-uagb-info-box uagb-block-c580a16a uagb-infobox__content-wrap  uagb-infobox-icon-above-title uagb-infobox-image-valign-top\"><div class=\"uagb-ifb-content\"><div class=\"uagb-ifb-title-wrap\"><span class=\"uagb-ifb-title-prefix\">\/ 02<\/span><div class=\"uagb-ifb-separator\"><\/div><h4 class=\"uagb-ifb-title\">Soumission<\/h4><\/div><\/div><\/div>\n\n\n\n<div class=\"wp-block-uagb-container uagb-block-89186f2b\">\n<div class=\"wp-block-uagb-info-box uagb-block-f1e8be31 uagb-infobox__content-wrap  uagb-infobox-icon-above-title uagb-infobox-image-valign-top\"><div class=\"uagb-ifb-content\"><div class=\"uagb-ifb-title-wrap\"><div class=\"uagb-ifb-separator\"><\/div><\/div><\/div><\/div>\n\n\n\n<div class=\"wp-block-uagb-advanced-heading uagb-block-83ddeb31\"><h6 class=\"uagb-heading-text\">Vous connaissez vos besoins\u200b<\/h6><\/div>\n<\/div>\n\n\n\n<div class=\"wp-block-uagb-forms uagb-forms__outer-wrap uagb-block-90616ebd uagb-forms__medium-btn\"><form class=\"uagb-forms-main-form\" method=\"post\" autocomplete=\"on\" name=\"uagb-form-90616ebd\" action=\"\">\n<div class=\"wp-block-uagb-forms-name uagb-forms-name-wrap uagb-forms-field-set uagb-block-b70c7f54\"><div class=\"uagb-forms-name-label required uagb-forms-input-label\" id=\"b70c7f54\">Pr\u00e9nom, Nom<\/div><input type=\"text\" placeholder=\"\" required class=\"uagb-forms-name-input uagb-forms-input\" name=\"b70c7f54\" autocomplete=\"name\"\/><\/div>\n\n\n\n<div class=\"wp-block-uagb-forms-email uagb-forms-email-wrap uagb-forms-field-set uagb-block-9a49c466\"><div class=\"uagb-forms-email-label required uagb-forms-input-label\" id=\"9a49c466\">Adresse courriel<\/div><input type=\"email\" class=\"uagb-forms-email-input uagb-forms-input\" placeholder=\"\" required name=\"9a49c466\" autocomplete=\"email\"\/><\/div>\n\n\n\n<div class=\"wp-block-uagb-forms-email uagb-forms-email-wrap uagb-forms-field-set uagb-block-4aea5d2e\"><div class=\"uagb-forms-email-label required uagb-forms-input-label\" id=\"4aea5d2e\">Confirmer adresse courriel<\/div><input type=\"email\" class=\"uagb-forms-email-input uagb-forms-input\" placeholder=\"\" required name=\"4aea5d2e\" autocomplete=\"email\"\/><\/div>\n\n\n\n<div class=\"wp-block-uagb-forms-radio uagb-forms-radio-wrap uagb-forms-field-set uagb-block-e6fb6044\"><div class=\"uagb-forms-radio-label required uagb-forms-input-label\" id=\"e6fb6044\">Usage<\/div><input type=\"radio\" id=\"radio-int\u00e9rieur-e6fb6044\" name=\"e6fb6044\" value=\"Int\u00e9rieur\" required class=\"round\"\/><label for=\"radio-int\u00e9rieur-e6fb6044\">Int\u00e9rieur<\/label><br\/><input type=\"radio\" id=\"radio-ext\u00e9rieur-e6fb6044\" name=\"e6fb6044\" value=\"Ext\u00e9rieur\" required class=\"round\"\/><label for=\"radio-ext\u00e9rieur-e6fb6044\">Ext\u00e9rieur<\/label><br\/><\/div>\n\n\n\n<div class=\"wp-block-uagb-forms-radio uagb-forms-radio-wrap uagb-forms-field-set uagb-block-4207d46f\"><div class=\"uagb-forms-radio-label required uagb-forms-input-label\" id=\"4207d46f\">Type de fini<\/div><input type=\"radio\" id=\"radio-bh-01-4207d46f\" name=\"4207d46f\" value=\"BH 01\" required class=\"round\"\/><label for=\"radio-bh-01-4207d46f\">BH 01<\/label><br\/><input type=\"radio\" id=\"radio-bh-02-4207d46f\" name=\"4207d46f\" value=\"BH 02\" required class=\"round\"\/><label for=\"radio-bh-02-4207d46f\">BH 02<\/label><br\/><input type=\"radio\" id=\"radio-bh-03-4207d46f\" name=\"4207d46f\" value=\"BH 03\" required class=\"round\"\/><label for=\"radio-bh-03-4207d46f\">BH 03<\/label><br\/><\/div>\n\n\n\n<div class=\"wp-block-uagb-forms-radio uagb-forms-radio-wrap uagb-forms-field-set uagb-block-6b06597c\"><div class=\"uagb-forms-radio-label required uagb-forms-input-label\" id=\"6b06597c\">Largeur<\/div><input type=\"radio\" id=\"radio-4&quot;--6b06597c\" name=\"6b06597c\" value=\"4&quot;      \" required class=\"round\"\/><label for=\"radio-4&quot;--6b06597c\">4&Prime;      <\/label><br\/><input type=\"radio\" id=\"radio-5&quot;--6b06597c\" name=\"6b06597c\" value=\"5&quot;       \" required class=\"round\"\/><label for=\"radio-5&quot;--6b06597c\">5&Prime;       <\/label><br\/><input type=\"radio\" id=\"radio-6&quot;--6b06597c\" name=\"6b06597c\" value=\"6&quot;   \" required class=\"round\"\/><label for=\"radio-6&quot;--6b06597c\">6&Prime;   <\/label><br\/><\/div>\n\n\n\n<div class=\"wp-block-uagb-forms-radio uagb-forms-radio-wrap uagb-forms-field-set uagb-block-9c2a9958\"><div class=\"uagb-forms-radio-label required uagb-forms-input-label\" id=\"9c2a9958\">Longeur<\/div><input type=\"radio\" id=\"radio-8'--9c2a9958\" name=\"9c2a9958\" value=\"8' \" required class=\"round\"\/><label for=\"radio-8'--9c2a9958\">8&prime; <\/label><br\/><input type=\"radio\" id=\"radio-10'-9c2a9958\" name=\"9c2a9958\" value=\"10'\" required class=\"round\"\/><label for=\"radio-10'-9c2a9958\">10&prime;<\/label><br\/><\/div>\n\n\n\n<div class=\"wp-block-uagb-forms-name uagb-forms-name-wrap uagb-forms-field-set uagb-block-c185f67a\"><div class=\"uagb-forms-name-label required uagb-forms-input-label\" id=\"c185f67a\">Nombre de pieds carr\u00e9s, pr\u00e9voir 10-15% de plus<\/div><input type=\"text\" placeholder=\"\" required class=\"uagb-forms-name-input uagb-forms-input\" name=\"c185f67a\" autocomplete=\"off\"\/><\/div>\n\n\n\n<div class=\"wp-block-uagb-forms-textarea uagb-forms-textarea-wrap uagb-forms-field-set uagb-block-0ee251cf\"><div class=\"uagb-forms-textarea-label required uagb-forms-input-label\" id=\"0ee251cf\">Description de votre projet<\/div><textarea required class=\"uagb-forms-textarea-input uagb-forms-input\" rows=\"4\" placeholder=\"\" name=\"0ee251cf\" autocomplete=\"off\"><\/textarea><\/div>\n<div class=\"uagb-forms-form-hidden-data\"><input type=\"hidden\" class=\"uagb_forms_form_label\" value=\"Spectra Form\"\/><input type=\"hidden\" class=\"uagb_forms_form_id\" value=\"uagb-form-90616ebd\"\/><\/div><div class=\"uagb-form-reacaptcha-error-90616ebd\"><\/div><div class=\"uagb-forms-main-submit-button-wrap wp-block-button\"><button class=\"uagb-forms-main-submit-button wp-block-button__link\"><div class=\"uagb-forms-main-submit-button-text\">envoyer<\/div><\/button><\/div><input type=\"hidden\" name=\"trp-form-language\" value=\"en\"\/><\/form><div class=\"uagb-forms-success-message-90616ebd uagb-forms-submit-message-hide\"><span>The form has been submitted successfully!<\/span><\/div><div class=\"uagb-forms-failed-message-90616ebd uagb-forms-submit-message-hide\"><span>There has been some error while submitting the form. Please verify all form fields again.<\/span><\/div><\/div>\n\n\n\n<div class=\"wp-block-uagb-icon-list uagb-block-633d1d84\"><div class=\"uagb-icon-list__wrap\">\n<div class=\"wp-block-uagb-icon-list-child uagb-block-613c7573\"><span class=\"uagb-icon-list__source-wrap\"><svg xmlns=\"https:\/\/www.w3.org\/2000\/svg\" viewbox=\"0 0 448 512\"><path d=\"M246.6 233.4l-160-160c-12.5-12.5-32.75-12.5-45.25 0s-12.5 32.75 0 45.25L178.8 256l-137.4 137.4c-12.5 12.5-12.5 32.75 0 45.25C47.63 444.9 55.81 448 64 448s16.38-3.125 22.62-9.375l160-160C259.1 266.1 259.1 245.9 246.6 233.4zM438.6 233.4l-160-160c-12.5-12.5-32.75-12.5-45.25 0s-12.5 32.75 0 45.25L370.8 256l-137.4 137.4c-12.5 12.5-12.5 32.75 0 45.25C239.6 444.9 247.8 448 256 448s16.38-3.125 22.62-9.375l160-160C451.1 266.1 451.1 245.9 438.6 233.4z\"><\/path><\/svg><\/span><span class=\"uagb-icon-list__label\">Afin de confirmer votre commande, un acompte de <strong>40 % du montant total<\/strong> est requis. La production d\u00e9butera uniquement \u00e0 la r\u00e9ception de ce paiement.<\/span><\/div>\n\n\n\n<div class=\"wp-block-uagb-icon-list-child uagb-block-67a6c8e2\"><span class=\"uagb-icon-list__source-wrap\"><svg xmlns=\"https:\/\/www.w3.org\/2000\/svg\" viewbox=\"0 0 448 512\"><path d=\"M246.6 233.4l-160-160c-12.5-12.5-32.75-12.5-45.25 0s-12.5 32.75 0 45.25L178.8 256l-137.4 137.4c-12.5 12.5-12.5 32.75 0 45.25C47.63 444.9 55.81 448 64 448s16.38-3.125 22.62-9.375l160-160C259.1 266.1 259.1 245.9 246.6 233.4zM438.6 233.4l-160-160c-12.5-12.5-32.75-12.5-45.25 0s-12.5 32.75 0 45.25L370.8 256l-137.4 137.4c-12.5 12.5-12.5 32.75 0 45.25C239.6 444.9 247.8 448 256 448s16.38-3.125 22.62-9.375l160-160C451.1 266.1 451.1 245.9 438.6 233.4z\"><\/path><\/svg><\/span><span class=\"uagb-icon-list__label\">Paiement par virement interac, ch\u00e8que ou argent comptant.<\/span><\/div>\n\n\n\n<div class=\"wp-block-uagb-icon-list-child uagb-block-4d6ed088\"><span class=\"uagb-icon-list__source-wrap\"><svg xmlns=\"https:\/\/www.w3.org\/2000\/svg\" viewbox=\"0 0 448 512\"><path d=\"M246.6 233.4l-160-160c-12.5-12.5-32.75-12.5-45.25 0s-12.5 32.75 0 45.25L178.8 256l-137.4 137.4c-12.5 12.5-12.5 32.75 0 45.25C47.63 444.9 55.81 448 64 448s16.38-3.125 22.62-9.375l160-160C259.1 266.1 259.1 245.9 246.6 233.4zM438.6 233.4l-160-160c-12.5-12.5-32.75-12.5-45.25 0s-12.5 32.75 0 45.25L370.8 256l-137.4 137.4c-12.5 12.5-12.5 32.75 0 45.25C239.6 444.9 247.8 448 256 448s16.38-3.125 22.62-9.375l160-160C451.1 266.1 451.1 245.9 438.6 233.4z\"><\/path><\/svg><\/span><span class=\"uagb-icon-list__label\">Les frais de livraison sont d\u00e9termin\u00e9s en fonction de la distance \u00e0 parcourir jusqu\u2019au lieu du projet, afin d\u2019assurer un transport adapt\u00e9 et s\u00e9curitaire de nos mat\u00e9riaux. Ils seront pr\u00e9cis\u00e9s lors de la soumission.<\/span><\/div>\n\n\n\n<div class=\"wp-block-uagb-icon-list-child uagb-block-808f6ac0\"><span class=\"uagb-icon-list__source-wrap\"><svg xmlns=\"https:\/\/www.w3.org\/2000\/svg\" viewbox=\"0 0 448 512\"><path d=\"M246.6 233.4l-160-160c-12.5-12.5-32.75-12.5-45.25 0s-12.5 32.75 0 45.25L178.8 256l-137.4 137.4c-12.5 12.5-12.5 32.75 0 45.25C47.63 444.9 55.81 448 64 448s16.38-3.125 22.62-9.375l160-160C259.1 266.1 259.1 245.9 246.6 233.4zM438.6 233.4l-160-160c-12.5-12.5-32.75-12.5-45.25 0s-12.5 32.75 0 45.25L370.8 256l-137.4 137.4c-12.5 12.5-12.5 32.75 0 45.25C239.6 444.9 247.8 448 256 448s16.38-3.125 22.62-9.375l160-160C451.1 266.1 451.1 245.9 438.6 233.4z\"><\/path><\/svg><\/span><span class=\"uagb-icon-list__label\">Blackhaus n\u2019est pas responsable des erreurs li\u00e9es \u00e0 une mauvaise prise de mesures fournie par le client. Il est de la responsabilit\u00e9 du client de valider l\u2019exactitude des dimensions avant la commande. <\/span><\/div>\n\n\n\n<div class=\"wp-block-uagb-icon-list-child uagb-block-571f59fa\"><span class=\"uagb-icon-list__source-wrap\"><svg xmlns=\"https:\/\/www.w3.org\/2000\/svg\" viewbox=\"0 0 448 512\"><path d=\"M246.6 233.4l-160-160c-12.5-12.5-32.75-12.5-45.25 0s-12.5 32.75 0 45.25L178.8 256l-137.4 137.4c-12.5 12.5-12.5 32.75 0 45.25C47.63 444.9 55.81 448 64 448s16.38-3.125 22.62-9.375l160-160C259.1 266.1 259.1 245.9 246.6 233.4zM438.6 233.4l-160-160c-12.5-12.5-32.75-12.5-45.25 0s-12.5 32.75 0 45.25L370.8 256l-137.4 137.4c-12.5 12.5-12.5 32.75 0 45.25C239.6 444.9 247.8 448 256 448s16.38-3.125 22.62-9.375l160-160C451.1 266.1 451.1 245.9 438.6 233.4z\"><\/path><\/svg><\/span><span class=\"uagb-icon-list__label\">Pr\u00e9voir des d\u00e9lais entre 6 et 12 semaines. <\/span><\/div>\n<\/div><\/div>\n<\/div><\/div>\n\n\n\n<p><\/p>","protected":false},"excerpt":{"rendered":"<p>Rejoignez-nous\u200b Contact envoyez-nous un message\u200b Pour de plus amples renseignements ou pour discuter de votre projet, nous sommes l\u00e0 pour r\u00e9pondre \u00e0 vos questions. \u00c9crivez-nous et nous vous contacterons dans les plus brefs d\u00e9lais. Vous connaissez vos besoins\u200b<\/p>","protected":false},"author":1,"featured_media":0,"parent":0,"menu_order":0,"comment_status":"closed","ping_status":"closed","template":"","meta":{"_uag_custom_page_level_css":"","site-sidebar-layout":"no-sidebar","site-content-layout":"plain-container","ast-site-content-layout":"normal-width-container","site-content-style":"unboxed","site-sidebar-style":"unboxed","ast-global-header-display":"","ast-banner-title-visibility":"","ast-main-header-display":"","ast-hfb-above-header-display":"","ast-hfb-below-header-display":"","ast-hfb-mobile-header-display":"","site-post-title":"disabled","ast-breadcrumbs-content":"","ast-featured-img":"","footer-sml-layout":"","ast-disable-related-posts":"","theme-transparent-header-meta":"enabled","adv-header-id-meta":"","stick-header-meta":"","header-above-stick-meta":"","header-main-stick-meta":"","header-below-stick-meta":"","astra-migrate-meta-layouts":"set","ast-page-background-enabled":"default","ast-page-background-meta":{"desktop":{"background-color":"","background-image":"","background-repeat":"repeat","background-position":"center center","background-size":"auto","background-attachment":"scroll","background-type":"","background-media":"","overlay-type":"","overlay-color":"","overlay-opacity":"","overlay-gradient":""},"tablet":{"background-color":"","background-image":"","background-repeat":"repeat","background-position":"center center","background-size":"auto","background-attachment":"scroll","background-type":"","background-media":"","overlay-type":"","overlay-color":"","overlay-opacity":"","overlay-gradient":""},"mobile":{"background-color":"","background-image":"","background-repeat":"repeat","background-position":"center center","background-size":"auto","background-attachment":"scroll","background-type":"","background-media":"","overlay-type":"","overlay-color":"","overlay-opacity":"","overlay-gradient":""}},"ast-content-background-meta":{"desktop":{"background-color":"var(--ast-global-color-5)","background-image":"","background-repeat":"repeat","background-position":"center center","background-size":"auto","background-attachment":"scroll","background-type":"","background-media":"","overlay-type":"","overlay-color":"","overlay-opacity":"","overlay-gradient":""},"tablet":{"background-color":"var(--ast-global-color-5)","background-image":"","background-repeat":"repeat","background-position":"center center","background-size":"auto","background-attachment":"scroll","background-type":"","background-media":"","overlay-type":"","overlay-color":"","overlay-opacity":"","overlay-gradient":""},"mobile":{"background-color":"var(--ast-global-color-5)","background-image":"","background-repeat":"repeat","background-position":"center center","background-size":"auto","background-attachment":"scroll","background-type":"","background-media":"","overlay-type":"","overlay-color":"","overlay-opacity":"","overlay-gradient":""}},"footnotes":""},"class_list":["post-13","page","type-page","status-publish","hentry"],"aioseo_notices":[],"_hostinger_reach_plugin_has_subscription_block":false,"_hostinger_reach_plugin_is_elementor":false,"uagb_featured_image_src":{"full":false,"thumbnail":false,"medium":false,"medium_large":false,"large":false,"1536x1536":false,"2048x2048":false,"trp-custom-language-flag":false},"uagb_author_info":{"display_name":"raoul.spuhler@hotmail.com","author_link":"https:\/\/blackhauscanada.com\/en\/author\/raoul-spuhlerhotmail-com\/"},"uagb_comment_info":0,"uagb_excerpt":"Rejoignez-nous\u200b Contact envoyez-nous un message\u200b Pour de plus amples renseignements ou pour discuter de votre projet, nous sommes l\u00e0 pour r\u00e9pondre \u00e0 vos questions. \u00c9crivez-nous et nous vous contacterons dans les plus brefs d\u00e9lais. Vous connaissez vos besoins\u200b","_links":{"self":[{"href":"https:\/\/blackhauscanada.com\/en\/wp-json\/wp\/v2\/pages\/13","targetHints":{"allow":["GET"]}}],"collection":[{"href":"https:\/\/blackhauscanada.com\/en\/wp-json\/wp\/v2\/pages"}],"about":[{"href":"https:\/\/blackhauscanada.com\/en\/wp-json\/wp\/v2\/types\/page"}],"author":[{"embeddable":true,"href":"https:\/\/blackhauscanada.com\/en\/wp-json\/wp\/v2\/users\/1"}],"replies":[{"embeddable":true,"href":"https:\/\/blackhauscanada.com\/en\/wp-json\/wp\/v2\/comments?post=13"}],"version-history":[{"count":46,"href":"https:\/\/blackhauscanada.com\/en\/wp-json\/wp\/v2\/pages\/13\/revisions"}],"predecessor-version":[{"id":2915,"href":"https:\/\/blackhauscanada.com\/en\/wp-json\/wp\/v2\/pages\/13\/revisions\/2915"}],"wp:attachment":[{"href":"https:\/\/blackhauscanada.com\/en\/wp-json\/wp\/v2\/media?parent=13"}],"curies":[{"name":"wp","href":"https:\/\/api.w.org\/{rel}","templated":true}]}}