{"id":11,"date":"2026-02-06T15:02:50","date_gmt":"2026-02-06T15:02:50","guid":{"rendered":"https:\/\/blackhauscanada.com\/barbers\/"},"modified":"2026-04-01T16:50:48","modified_gmt":"2026-04-01T16:50:48","slug":"yakisugi","status":"publish","type":"page","link":"https:\/\/blackhauscanada.com\/en\/yakisugi\/","title":{"rendered":"Yakisugi"},"content":{"rendered":"<div class=\"wp-block-uagb-container uagb-block-5fe90bfe alignfull uagb-is-root-container\"><div class=\"uagb-container-inner-blocks-wrap\">\n<div class=\"wp-block-uagb-container uagb-block-8a4b38f4\">\n<div class=\"wp-block-uagb-container uagb-block-cfcdac75\">\n<div class=\"wp-block-uagb-info-box uagb-block-7cdec3b4 uagb-infobox__content-wrap  uagb-infobox-icon-above-title uagb-infobox-image-valign-top wp-block-uagb-info-box--has-margin\"><div class=\"uagb-infobox-margin-wrapper\"><div class=\"uagb-ifb-content\"><div class=\"uagb-ifb-title-wrap\"><div class=\"uagb-ifb-separator\"><\/div><\/div><\/div><\/div><\/div>\n\n\n\n<div class=\"wp-block-uagb-advanced-heading uagb-block-43361189\"><h6 class=\"uagb-heading-text\">Read more<\/h6><\/div>\n<\/div>\n\n\n\n<div class=\"wp-block-uagb-advanced-heading uagb-block-08d7063b\"><h1 class=\"uagb-heading-text\">Yakisugi<\/h1><\/div>\n<\/div>\n<\/div><\/div>\n\n\n\n<div class=\"wp-block-uagb-container uagb-block-d8bfebfa default uagb-is-root-container\">\n<div class=\"wp-block-group is-layout-constrained wp-block-group-is-layout-constrained\">\n<div class=\"wp-block-uagb-container uagb-layout-grid uagb-block-de3c8add\">\n<div class=\"wp-block-uagb-info-box uagb-block-7d499a84 uagb-infobox__content-wrap  uagb-infobox-icon-above-title uagb-infobox-image-valign-top\"><div class=\"uagb-ifb-content\"><div class=\"uagb-ifb-title-wrap\"><span class=\"uagb-ifb-title-prefix\">\/ 01<\/span><div class=\"uagb-ifb-separator\"><\/div><h4 class=\"uagb-ifb-title\">Yaki Sugi Ita<\/h4><\/div><\/div><\/div>\n\n\n\n<div class=\"wp-block-uagb-container uagb-block-6947e35d\">\n<div class=\"wp-block-uagb-info-box uagb-block-f7f339f0 uagb-infobox__content-wrap  uagb-infobox-icon-above-title uagb-infobox-image-valign-top\"><div class=\"uagb-ifb-content\"><div class=\"uagb-ifb-title-wrap\"><div class=\"uagb-ifb-separator\"><\/div><\/div><\/div><\/div>\n\n\n\n<div class=\"wp-block-uagb-advanced-heading uagb-block-66327ba5\"><h6 class=\"uagb-heading-text\">L&rsquo;Origine<\/h6><\/div>\n<\/div>\n\n\n\n<div class=\"wp-block-uagb-advanced-heading uagb-block-0efad6f1\"><p class=\"uagb-desc-text\">Voil\u00e0 la vraie traduction.  Yaki &#8211; Br\u00fbl\u00e9, Sugi &#8211; Cypres, Ita &#8211; Planche.                                                                                                     On l&rsquo;appelle aussi \u00ab\u00a0Shou Sugi Ban\u00a0\u00bb, cela est d\u00fb au fait d&rsquo;une erreur de traduction, il y a tr\u00e8s longtemps, entre le japonais et le chinois. Le Kanji, un alphabet utilis\u00e9 par les deux pays, contient des signes chinois, mais avec une phon\u00e9tique diff\u00e9rente lorsque lus. Les m\u00eames signes se prononcent d&rsquo;une tout autre fa\u00e7on entre les deux cultures. Le terme \u00ab\u00a0Shou sugi ban\u00a0\u00bb s&rsquo;est tr\u00e8s r\u00e9pandu dans les pays occidentaux par le biais du marketing, d&rsquo;articles et r\u00e9seaux sociaux. Du fait que c&rsquo;est une technique ancestrale japonaise, nous nous effor\u00e7ons de respecter l&rsquo;origine de ce produit et pr\u00e9f\u00e9rons utiliser le terme \u00ab\u00a0Yakisugi\u00a0\u00bb. Si vous \u00eates au Japon et utilisez le terme \u00ab\u00a0Shou sugi ban\u00a0\u00bb ils n&rsquo;auront aucune id\u00e9e de quoi vous parlez. <\/p><\/div>\n\n\n\n<p>Existant depuis les ann\u00e9es 1600, cette technique japonaise consiste \u00e0 br\u00fbler la surface des planches de c\u00e8dre de fa\u00e7on \u00e0 cr\u00e9er une couche protectrice. C&rsquo;est un peu comme appliquer de la peinture, mais plus naturel et plus efficace. Il faut br\u00fbler les planches au bon degr\u00e9, si le br\u00fblage est trop l\u00e9ger la couche de protection ne se formera pas. Ce n\u2019est pas juste esth\u00e9tique, le fait d\u2019\u00eatre br\u00fbl\u00e9 \u00e0 haut degr\u00e9 cr\u00e9e un traitement thermique qui est n\u00e9cessaire pour assurer une stabilit\u00e9 dimensionnelle. Cela rend aussi la surface imperm\u00e9able, repousse les insectes, retarde le feu et prot\u00e8ge le bois contre les rayons UV.\u00a0<\/p>\n\n\n\n<p>La philosophie du yakisugi va bien au-del\u00e0 d\u2019une simple technique de traitement du bois, c\u2019est une approche profond\u00e9ment li\u00e9e \u00e0 la nature, au temps et \u00e0 la simplicit\u00e9. Il repose sur l\u2019id\u00e9e de travailler avec la nature plut\u00f4t que contre elle. En br\u00fblant la surface du bois, on utilise un processus naturel pour le prot\u00e9ger, sans produits chimiques. Contrairement aux mat\u00e9riaux modernes qui cherchent \u00e0 rester fig\u00e9s, le yakisugi embrasse le vieillissement. Sa couleur, sa texture et sa patine \u00e9voluent avec le temps, racontant l\u2019histoire du b\u00e2timent. La philosophie japonaise du \u00ab\u00a0wabi-sabi\u00a0\u00bb c\u00e9l\u00e8bre l&rsquo;imperfection, l&rsquo;irr\u00e9gularit\u00e9, l&rsquo;authenticit\u00e9. Chaque planche est unique, avec ses variations de br\u00fblage et de grain.<\/p>\n\n\n\n<div class=\"wp-block-uagb-info-box uagb-block-51ae96ab uagb-infobox__content-wrap  uagb-infobox-icon-above-title uagb-infobox-image-valign-top wp-block-uagb-info-box--has-margin\"><div class=\"uagb-infobox-margin-wrapper\"><div class=\"uagb-ifb-content\"><div class=\"uagb-ifb-title-wrap\"><span class=\"uagb-ifb-title-prefix\">\/ 02<\/span><div class=\"uagb-ifb-separator\"><\/div><h4 class=\"uagb-ifb-title\">avantages<\/h4><\/div><\/div><\/div><\/div>\n\n\n\n<div class=\"wp-block-uagb-container uagb-block-8f436237\">\n<div class=\"wp-block-uagb-info-box uagb-block-aa148107 uagb-infobox__content-wrap  uagb-infobox-icon-above-title uagb-infobox-image-valign-top\"><div class=\"uagb-ifb-content\"><div class=\"uagb-ifb-title-wrap\"><div class=\"uagb-ifb-separator\"><\/div><\/div><\/div><\/div>\n\n\n\n<div class=\"wp-block-uagb-advanced-heading uagb-block-0d06823e\"><h6 class=\"uagb-heading-text\">D\u00e9tails du Rev\u00eatement Yakisugi<\/h6><\/div>\n<\/div>\n\n\n\n<div class=\"wp-block-uagb-container uagb-block-89254a69\">\n<p style=\"line-height:1.6\"><strong>ENHANCED NATURAL DURABILITY<\/strong><br> En br\u00fblant la surface du bois, on modifie sa structure cellulaire. Cette couche carbonis\u00e9e agit comme une armure naturelle, rendant le bois moins perm\u00e9able et donc moins susceptible aux attaques de l\u2019humidit\u00e9 ou de la pourriture. Cela veut dire que, par rapport \u00e0 un bois non trait\u00e9 de cette fa\u00e7on, le Yakisugi peut durer beaucoup plus longtemps sans n\u00e9cessiter de traitement chimique ou d\u2019entretien intensif. Cette robustesse naturelle en fait un choix privil\u00e9gi\u00e9 pour des fa\u00e7ades, des cl\u00f4tures ou d\u2019autres structures ext\u00e9rieures.<\/p>\n\n\n\n<p style=\"line-height:1.6\"><strong>EXCELLENT OUTDOOR PERFORMANCE<\/strong><br>Le Yakisugi est particuli\u00e8rement r\u00e9put\u00e9 pour sa capacit\u00e9 \u00e0 affronter les \u00e9l\u00e9ments ext\u00e9rieurs avec brio. La surface carbonis\u00e9 r\u00e9siste mieux aux rayons UV, cette barri\u00e8re protectrice ralentit le vieillissement du bois. Cela signifie que les rev\u00eatements en Yakisugi conservent leur int\u00e9grit\u00e9 plus longtemps, c\u2019est l\u2019une des raisons pour lesquelles ce mat\u00e9riau est utilis\u00e9 depuis des si\u00e8cles au Japon.<\/p>\n\n\n\n<p style=\"line-height:1.6\"><strong>INSECT AND FUNGUS RESISTANCE<\/strong><br>L\u2019un des b\u00e9n\u00e9fices appr\u00e9ciables, c\u2019est sa capacit\u00e9 \u00e0 repousser les nuisibles de fa\u00e7on naturelle. Quand on br\u00fble la surface du bois, la couche carbonis\u00e9e qui en r\u00e9sulte devient nettement moins attrayante pour les insectes, comme les termites, et pour les champignons qui provoquent des moisissures. Les insectes pr\u00e9f\u00e8rent le bois tendre et non trait\u00e9, car il est plus facile \u00e0 creuser et \u00e0 coloniser. La couche carbonis\u00e9e rend le bois plus dense et moins propice \u00e0 l\u2019installation des nuisibles. Cela r\u00e9duit non seulement les risques d\u2019infestation, mais aussi la n\u00e9cessit\u00e9 d\u2019utiliser des produits chimiques pour prot\u00e9ger le bois.<\/p>\n\n\n\n<p style=\"line-height:1.6\"><strong>IMPROVED REACTION TO FIRE<\/strong><br>Avantage souvent m\u00e9connu du Yakisugi, il am\u00e9liore la r\u00e9sistance du bois au feu. La couche carbonis\u00e9e agit comme une barri\u00e8re retardatrice face aux flammes. En d\u2019autres termes, le bois pr\u00e9-br\u00fbl\u00e9 a tendance \u00e0 se consumer plus lentement qu\u2019un bois non br\u00fbl\u00e9. Bien entendu, cela ne rend pas le bois incombustible, mais cela ajoute un niveau de protection naturelle qui peut \u00eatre rassurant.<\/p>\n\n\n\n<p style=\"line-height:1.6\"><strong>STABILITY<\/strong><br>Sa capacit\u00e9 \u00e0 rester dimensionnellement stable au fil du temps est un autre de ses points forts. Le c\u00e8dre est une essence de bois reconnu pour cette propri\u00e9t\u00e9. Durant le processus de br\u00fblage, on r\u00e9duit l\u2019humidit\u00e9 r\u00e9siduelle et on stabilise la structure des fibres. Cela signifie que le bois br\u00fbl\u00e9 est moins susceptible de se d\u00e9former, de se tordre ou de se fissurer sous l\u2019effet des variations saisonni\u00e8res.<\/p>\n\n\n\n<p style=\"line-height:1.6\"><strong>ENTRETIEN R\u00c9DUIT<\/strong><br>Traditionnellement, le Yakisugi ne re\u00e7oit aucun entretien. Il est fait pour traverser le temps et d\u00e9velopper sa propre patine. C&rsquo;est cet aspect qui est tant appr\u00e9ci\u00e9 et am\u00e8ne sa beaut\u00e9 si unique. Il est tout de m\u00eame possible de l&rsquo;entretenir si vous le souhaitez. Un l\u00e9ger nettoyage \u00e0 l&rsquo;eau, comme un boyau d&rsquo;arrosage de jardin en mode pluie suffit. Attention! Surtout ne pas laver avec une machine \u00e0 pression ou utilisation de brosses. Pour conserver son aspect d\u2019origine plus longtemps il est possible d&rsquo;appliquer une nouvelle couche d&rsquo;huile tous les 10 ans environ ou selon pr\u00e9f\u00e9rence. Cela lui redonnera son aspect d&rsquo;origine et lui ajoute une couche de protection. De petites retouches peuvent aussi \u00eatre effectu\u00e9es selon votre go\u00fbt.<\/p>\n\n\n\n<p style=\"line-height:1.6\"><strong>STRONG ARCHITECTURAL AESTHETICS<\/strong><br>D\u2019un point de vue esth\u00e9tique, le Yakisugi offre une touche visuelle unique, \u00e0 la fois traditionnelle et moderne. Il s\u2019int\u00e8gre parfaitement dans des projets architecturaux haut de gamme, en apportant un cachet vraiment distinctif. Contrairement aux finitions standards, son aspect br\u00fbl\u00e9 et textur\u00e9 conf\u00e8re une profondeur et un look unique. Il offre un contraste \u00e9l\u00e9gant avec d\u2019autres mat\u00e9riaux comme le verre, l\u2019acier ou la pierre. On peut \u00e9galement jouer sur les nuances de couleur : certaines finitions sont plus noires et profondes, tandis que d\u2019autres gardent une teinte plus naturelle avec un effet de bois vieilli.<\/p>\n\n\n\n<p style=\"line-height:1.6\"><strong>ECO-FRIENDLY SOLUTION<\/strong><br>Le bois br\u00fbl\u00e9 est non seulement beau, mais il est aussi un choix respectueux de l\u2019environnement. D\u2019abord, la technique de carbonisation elle-m\u00eame est un proc\u00e9d\u00e9 naturel qui r\u00e9duit le besoin de produits chimiques. Contrairement aux traitements de bois conventionnels qui utilisent souvent des substances de pr\u00e9servation potentiellement nocives, le Yakisugi repose sur une m\u00e9thode traditionnelle japonaise qui se contente de br\u00fbler la surface du bois et de sceller avec une huile 100% naturelle. De plus, en augmentant la durabilit\u00e9 du bois, on r\u00e9duit le besoin de le remplacer fr\u00e9quemment, ce qui diminue la consommation de ressources. C\u2019est un choix durable qui s\u2019inscrit dans une d\u00e9marche d\u2019\u00e9co-construction. Utiliser le Yakisugi contribue \u00e0 r\u00e9duire l\u2019empreinte \u00e9cologique globale de votre projet.<\/p>\n<\/div>\n\n\n\n<div class=\"wp-block-uagb-info-box uagb-block-e856a26f uagb-infobox__content-wrap  uagb-infobox-icon-above-title uagb-infobox-image-valign-top wp-block-uagb-info-box--has-margin\"><div class=\"uagb-infobox-margin-wrapper\"><div class=\"uagb-ifb-content\"><div class=\"uagb-ifb-title-wrap\"><span class=\"uagb-ifb-title-prefix\">\/ 03<\/span><div class=\"uagb-ifb-separator\"><\/div><h4 class=\"uagb-ifb-title\">bois<\/h4><\/div><\/div><\/div><\/div>\n\n\n\n<div class=\"wp-block-uagb-container uagb-block-d517457d\">\n<div class=\"wp-block-uagb-info-box uagb-block-0adbc281 uagb-infobox__content-wrap  uagb-infobox-icon-above-title uagb-infobox-image-valign-top\"><div class=\"uagb-ifb-content\"><div class=\"uagb-ifb-title-wrap\"><div class=\"uagb-ifb-separator\"><\/div><\/div><\/div><\/div>\n\n\n\n<div class=\"wp-block-uagb-advanced-heading uagb-block-9b3515fb\"><h6 class=\"uagb-heading-text\">mati\u00e8re premi\u00e8re<\/h6><\/div>\n<\/div>\n\n\n\n<p>Vu notre souci de cr\u00e9er un produit local et respectueux de l&rsquo;environnement, notre bois est 100% qu\u00e9b\u00e9cois.&nbsp;De cette fa\u00e7on, nous encourageons les diff\u00e9rents producteurs locaux et du m\u00eame fait nous r\u00e9duisons notre empreinte \u00e9cologique en diminuant les distances de transport de la mati\u00e8re premi\u00e8re.<\/p>\n\n\n\n<div class=\"wp-block-columns is-layout-flex wp-container-core-columns-is-layout-28f84493 wp-block-columns-is-layout-flex\">\n<div class=\"wp-block-column is-layout-flow wp-block-column-is-layout-flow\">\n<div class=\"wp-block-uagb-advanced-heading uagb-block-ae89dae9\"><div class=\"uagb-separator\"><\/div><h4 class=\"uagb-heading-text\">Exterior<\/h4><\/div>\n\n\n\n<p>Pour les rev\u00eatements ext\u00e9rieurs, nous pr\u00e9f\u00e9rons utiliser uniquement du c\u00e8dre blanc de l\u2019est. C\u2019est l\u2019essence de bois qui r\u00e9agit le mieux au traitement thermique vu sa composition et ses propri\u00e9t\u00e9s, c&rsquo;est aussi celui qui se rapproche le plus du Cypres Japonais. Il est un des plus r\u00e9sistant aux intemp\u00e9ries, ce qui le rend tr\u00e8s durable. Il est certainement possible de br\u00fbler d&rsquo;autres essences de bois, mais le traitement n\u2019aura pas le m\u00eame effet, le fini n&rsquo;aura pas la m\u00eame durabilit\u00e9 et risque de se d\u00e9t\u00e9riorer beaucoup plus rapidement.<\/p>\n<\/div>\n\n\n\n<div class=\"wp-block-column is-layout-flow wp-block-column-is-layout-flow\">\n<div class=\"wp-block-uagb-advanced-heading uagb-block-b5283a30\"><div class=\"uagb-separator\"><\/div><h5 class=\"uagb-heading-text\">Int\u00e9rieur<\/h5><\/div>\n\n\n\n<p>Pour une utilisation int\u00e9rieure, il est possible de cr\u00e9er avec d&rsquo;autres essences de bois, tel que la pruche, le pin et le m\u00e9l\u00e8ze. Ceci est d\u00fb au fait qu\u2019il ne sera pas expos\u00e9 aux rayons UV et aux conditions saisonni\u00e8res. Il est donc possible d\u2019obtenir un fini diff\u00e9rent, chaque essence ayant son propre veinage. \u00c0 noter que le grain du bois sera seulement apparent dans les produits br\u00fbl\u00e9s-bross\u00e9s. Pour une utilisation int\u00e9rieure, veuillez nous contacter et nous serons ravis de discuter de votre projet.<\/p>\n<\/div>\n<\/div>\n\n\n\n<hr class=\"wp-block-separator has-alpha-channel-opacity\"\/>\n\n\n\n<div class=\"wp-block-uagb-info-box uagb-block-90d03656 uagb-infobox__content-wrap  uagb-infobox-icon-above-title uagb-infobox-image-valign-top wp-block-uagb-info-box--has-margin\"><div class=\"uagb-infobox-margin-wrapper\"><div class=\"uagb-ifb-content\"><div class=\"uagb-ifb-title-wrap\"><span class=\"uagb-ifb-title-prefix\">\/ 04<\/span><div class=\"uagb-ifb-separator\"><\/div><h4 class=\"uagb-ifb-title\">Dur\u00e9e de vie<\/h4><\/div><\/div><\/div><\/div>\n\n\n\n<div class=\"wp-block-uagb-container uagb-block-6dde3aa9\">\n<div class=\"wp-block-uagb-info-box uagb-block-d0735f00 uagb-infobox__content-wrap  uagb-infobox-icon-above-title uagb-infobox-image-valign-top\"><div class=\"uagb-ifb-content\"><div class=\"uagb-ifb-title-wrap\"><div class=\"uagb-ifb-separator\"><\/div><\/div><\/div><\/div>\n\n\n\n<div class=\"wp-block-uagb-advanced-heading uagb-block-3fbf02da\"><h6 class=\"uagb-heading-text\">d&rsquo;un rev\u00eatement en bois br\u00fbl\u00e9<\/h6><\/div>\n<\/div>\n\n\n\n<div class=\"wp-block-uagb-container uagb-block-1b680805\">\n<div class=\"wp-block-uagb-container uagb-block-1ca27140\">\n<p>La question revient :<br><strong>\u00ab Est-ce vrai que le Shou Sugi Ban dure 80 ans ? \u00bb<\/strong><\/p>\n\n\n\n<p>On voit souvent circuler ce chiffre. En r\u00e9alit\u00e9, la long\u00e9vit\u00e9 du bois br\u00fbl\u00e9 traditionnel d\u00e9passe fr\u00e9quemment cette estimation. Au Japon, on retrouve des b\u00e2timents centenaires toujours prot\u00e9g\u00e9s par leur rev\u00eatement carbonis\u00e9. Mais pour r\u00e9pondre honn\u00eatement, il faut d\u2019abord d\u00e9finir ce que signifie \u00ab durer \u00bb. <\/p>\n\n\n\n<p>Parle-t-on de : La capacit\u00e9 du rev\u00eatement \u00e0 prot\u00e9ger la structure contre l\u2019eau et les rayons UV ? Ou de sa capacit\u00e9 \u00e0 conserver exactement la m\u00eame apparence qu\u2019au premier jour ? Ces deux notions sont tr\u00e8s diff\u00e9rentes. <\/p>\n\n\n\n<p>D\u2019un point de vue technique, un rev\u00eatement ext\u00e9rieur a une mission claire :<br><strong>prot\u00e9ger l\u2019enveloppe du b\u00e2timent contre l\u2019eau, le soleil et les variations saisonni\u00e8res.<\/strong><\/p>\n\n\n\n<p>Il y a plusieurs facteurs qui viennent d\u00e9terminer la dur\u00e9e de vie du rev\u00eatement et ils peuvent faire une grande diff\u00e9rence sur un m\u00eame produit. L\u2019emplacement de la maison, tel un bord de mer ou expos\u00e9 sur une montagne, l&rsquo;exposition au soleil, la qualit\u00e9 d\u2019installation, l&rsquo;entretien, etc.<\/p>\n\n\n\n<p>Il ne s\u2019agit pas d\u2019un mat\u00e9riau fig\u00e9 dans le temps. Pour conserver l\u2019intensit\u00e9 du noir, une application d\u2019huile p\u00e9riodique est recommand\u00e9e.<br>Sans entretien, le bois restera durable, mais son apparence \u00e9voluera. Une mati\u00e8re naturelle, noble, qui d\u00e9veloppe une patine con\u00e7ue pour traverser les d\u00e9cennies, il raconte le climat, il dialogue avec son environnement.<\/p>\n\n\n\n<p>Avec les ann\u00e9es, la surface carbonis\u00e9e s\u2019\u00e9rode lentement sous l\u2019effet combin\u00e9 du soleil, du vent et de la pluie. Ce processus est graduel et contr\u00f4l\u00e9. Contrairement \u00e0 une peinture qui s\u2019\u00e9caille brusquement, le Shou Sugi Ban vieillit par \u00e9rosion naturelle. Sans application d\u2019huile p\u00e9riodique, les pigments naturels s\u2019estompent progressivement. Le bois expos\u00e9 r\u00e9agit alors \u00e0 son environnement. Au sud, sous forte exposition UV : la surface tend vers des tons brun rouge\u00e2tre. Au nord, plus humide : le bois grisonne. Sous certaines conditions, il peut m\u00eame foncer naturellement. Cette transformation est uniforme dans certaines zones et plus nuanc\u00e9e dans d\u2019autres, selon l\u2019architecture et l\u2019exposition.<\/p>\n\n\n\n<p>Chez Blackhaus, nous le voyons non pas comme un simple rev\u00eatement, mais comme un investissement architectural durable, capable d\u2019accompagner une structure sur plusieurs g\u00e9n\u00e9rations<\/p>\n<\/div>\n<\/div>\n<\/div>\n<\/div>\n<\/div>","protected":false},"excerpt":{"rendered":"<p>En savoir plus Yakisugi L&rsquo;Origine Voil\u00e0 la vraie traduction. Yaki &#8211; Br\u00fbl\u00e9, Sugi &#8211; Cypres, Ita &#8211; Planche. On l&rsquo;appelle aussi \u00ab\u00a0Shou Sugi Ban\u00a0\u00bb, cela est d\u00fb au fait d&rsquo;une erreur de traduction, il y a tr\u00e8s longtemps, entre le japonais et le chinois. Le Kanji, un alphabet utilis\u00e9 par les deux pays, contient des [&hellip;]<\/p>\n","protected":false},"author":1,"featured_media":0,"parent":0,"menu_order":0,"comment_status":"closed","ping_status":"closed","template":"","meta":{"_uag_custom_page_level_css":"","site-sidebar-layout":"no-sidebar","site-content-layout":"plain-container","ast-site-content-layout":"full-width-container","site-content-style":"unboxed","site-sidebar-style":"unboxed","ast-global-header-display":"","ast-banner-title-visibility":"","ast-main-header-display":"","ast-hfb-above-header-display":"","ast-hfb-below-header-display":"","ast-hfb-mobile-header-display":"","site-post-title":"disabled","ast-breadcrumbs-content":"","ast-featured-img":"","footer-sml-layout":"","ast-disable-related-posts":"","theme-transparent-header-meta":"enabled","adv-header-id-meta":"","stick-header-meta":"","header-above-stick-meta":"","header-main-stick-meta":"","header-below-stick-meta":"","astra-migrate-meta-layouts":"set","ast-page-background-enabled":"default","ast-page-background-meta":{"desktop":{"background-color":"","background-image":"","background-repeat":"repeat","background-position":"center center","background-size":"auto","background-attachment":"scroll","background-type":"","background-media":"","overlay-type":"","overlay-color":"","overlay-opacity":"","overlay-gradient":""},"tablet":{"background-color":"","background-image":"","background-repeat":"repeat","background-position":"center center","background-size":"auto","background-attachment":"scroll","background-type":"","background-media":"","overlay-type":"","overlay-color":"","overlay-opacity":"","overlay-gradient":""},"mobile":{"background-color":"","background-image":"","background-repeat":"repeat","background-position":"center center","background-size":"auto","background-attachment":"scroll","background-type":"","background-media":"","overlay-type":"","overlay-color":"","overlay-opacity":"","overlay-gradient":""}},"ast-content-background-meta":{"desktop":{"background-color":"var(--ast-global-color-5)","background-image":"","background-repeat":"repeat","background-position":"center center","background-size":"auto","background-attachment":"scroll","background-type":"","background-media":"","overlay-type":"","overlay-color":"","overlay-opacity":"","overlay-gradient":""},"tablet":{"background-color":"var(--ast-global-color-5)","background-image":"","background-repeat":"repeat","background-position":"center center","background-size":"auto","background-attachment":"scroll","background-type":"","background-media":"","overlay-type":"","overlay-color":"","overlay-opacity":"","overlay-gradient":""},"mobile":{"background-color":"var(--ast-global-color-5)","background-image":"","background-repeat":"repeat","background-position":"center center","background-size":"auto","background-attachment":"scroll","background-type":"","background-media":"","overlay-type":"","overlay-color":"","overlay-opacity":"","overlay-gradient":""}},"footnotes":""},"class_list":["post-11","page","type-page","status-publish","hentry"],"aioseo_notices":[],"_hostinger_reach_plugin_has_subscription_block":false,"_hostinger_reach_plugin_is_elementor":false,"uagb_featured_image_src":{"full":false,"thumbnail":false,"medium":false,"medium_large":false,"large":false,"1536x1536":false,"2048x2048":false,"trp-custom-language-flag":false},"uagb_author_info":{"display_name":"raoul.spuhler@hotmail.com","author_link":"https:\/\/blackhauscanada.com\/en\/author\/raoul-spuhlerhotmail-com\/"},"uagb_comment_info":0,"uagb_excerpt":"En savoir plus Yakisugi L&rsquo;Origine Voil\u00e0 la vraie traduction. Yaki &#8211; Br\u00fbl\u00e9, Sugi &#8211; Cypres, Ita &#8211; Planche. On l&rsquo;appelle aussi \u00ab\u00a0Shou Sugi Ban\u00a0\u00bb, cela est d\u00fb au fait d&rsquo;une erreur de traduction, il y a tr\u00e8s longtemps, entre le japonais et le chinois. Le Kanji, un alphabet utilis\u00e9 par les deux pays, contient des&hellip;","_links":{"self":[{"href":"https:\/\/blackhauscanada.com\/en\/wp-json\/wp\/v2\/pages\/11","targetHints":{"allow":["GET"]}}],"collection":[{"href":"https:\/\/blackhauscanada.com\/en\/wp-json\/wp\/v2\/pages"}],"about":[{"href":"https:\/\/blackhauscanada.com\/en\/wp-json\/wp\/v2\/types\/page"}],"author":[{"embeddable":true,"href":"https:\/\/blackhauscanada.com\/en\/wp-json\/wp\/v2\/users\/1"}],"replies":[{"embeddable":true,"href":"https:\/\/blackhauscanada.com\/en\/wp-json\/wp\/v2\/comments?post=11"}],"version-history":[{"count":59,"href":"https:\/\/blackhauscanada.com\/en\/wp-json\/wp\/v2\/pages\/11\/revisions"}],"predecessor-version":[{"id":2874,"href":"https:\/\/blackhauscanada.com\/en\/wp-json\/wp\/v2\/pages\/11\/revisions\/2874"}],"wp:attachment":[{"href":"https:\/\/blackhauscanada.com\/en\/wp-json\/wp\/v2\/media?parent=11"}],"curies":[{"name":"wp","href":"https:\/\/api.w.org\/{rel}","templated":true}]}}