{"id":10,"date":"2026-02-06T15:02:50","date_gmt":"2026-02-06T15:02:50","guid":{"rendered":"https:\/\/blackhauscanada.com\/about\/"},"modified":"2026-04-01T17:07:21","modified_gmt":"2026-04-01T17:07:21","slug":"about","status":"publish","type":"page","link":"https:\/\/blackhauscanada.com\/en\/about\/","title":{"rendered":"\u00c0 propos"},"content":{"rendered":"<div class=\"wp-block-uagb-container uagb-block-e0a44389 alignfull uagb-is-root-container\"><div class=\"uagb-container-inner-blocks-wrap\">\n<div class=\"wp-block-uagb-container uagb-block-b54d3e1a\">\n<div class=\"wp-block-uagb-container uagb-block-3d233d70\">\n<div class=\"wp-block-uagb-info-box uagb-block-3aabf7f7 uagb-infobox__content-wrap  uagb-infobox-icon-above-title uagb-infobox-image-valign-top\"><div class=\"uagb-ifb-content\"><div class=\"uagb-ifb-title-wrap\"><div class=\"uagb-ifb-separator\"><\/div><\/div><\/div><\/div>\n\n\n\n<div class=\"wp-block-uagb-advanced-heading uagb-block-34826597\"><h6 class=\"uagb-heading-text\">Blackhaus<\/h6><\/div>\n<\/div>\n\n\n\n<div class=\"wp-block-uagb-advanced-heading uagb-block-97bcafea\"><h1 class=\"uagb-heading-text\">\u00e0 propos<\/h1><\/div>\n<\/div>\n<\/div><\/div>\n\n\n\n<div class=\"wp-block-uagb-container uagb-block-454b6ddd alignfull uagb-is-root-container\"><div class=\"uagb-container-inner-blocks-wrap\">\n<div class=\"wp-block-uagb-container uagb-block-29b8e634\">\n<div class=\"wp-block-uagb-info-box uagb-block-b7d0a695 uagb-infobox__content-wrap  uagb-infobox-icon-above-title uagb-infobox-image-valign-top\"><div class=\"uagb-ifb-content\"><div class=\"uagb-ifb-title-wrap\"><span class=\"uagb-ifb-title-prefix\">\/ 01<\/span><div class=\"uagb-ifb-separator\"><\/div><h4 class=\"uagb-ifb-title\">qui sommes-nous<\/h4><\/div><\/div><\/div>\n\n\n\n<div class=\"wp-block-uagb-container uagb-block-c9b30866\">\n<div class=\"wp-block-uagb-info-box uagb-block-3ee05e97 uagb-infobox__content-wrap  uagb-infobox-icon-above-title uagb-infobox-image-valign-top\"><div class=\"uagb-ifb-content\"><div class=\"uagb-ifb-title-wrap\"><div class=\"uagb-ifb-separator\"><\/div><\/div><\/div><\/div>\n\n\n\n<div class=\"wp-block-uagb-advanced-heading uagb-block-c3569119\"><h4 class=\"uagb-heading-text\">artisan du feu<\/h4><\/div>\n<\/div>\n\n\n\n<div class=\"wp-block-uagb-advanced-heading uagb-block-2b7ea041\"><p class=\"uagb-desc-text\">Julie et Raoul, un couple, une \u00e9quipe. <\/p><\/div>\n\n\n\n<p>Anim\u00e9s par une passion commune pour le bois et l\u2019architecture, nous avons fond\u00e9 Blackhaus avec une vision claire : offrir un rev\u00eatement en bois br\u00fbl\u00e9 \u00e0 la fois durable, distinctif et profond\u00e9ment esth\u00e9tique.<\/p>\n\n\n\n<p>Chaque projet que nous r\u00e9alisons est guid\u00e9 par notre souci du d\u00e9tail, notre rigueur et notre d\u00e9sir de cr\u00e9er quelque chose d\u2019unique. Pour nous, le Yakisugi n\u2019est pas seulement un mat\u00e9riau, c\u2019est un savoir-faire, une philosophie, une mani\u00e8re de mettre en valeur la mati\u00e8re dans sa forme la plus noble.<\/p>\n\n\n\n<p>En tant qu\u2019artisans, nous sommes impliqu\u00e9s \u00e0 chaque \u00e9tape, de la s\u00e9lection du bois jusqu\u2019au traitement final. Nous croyons en un produit authentique, con\u00e7u avec intentions et  qui traverse le temps avec caract\u00e8re.<\/p>\n\n\n\n<p>Blackhaus, c\u2019est l\u2019alliance entre tradition et modernit\u00e9, port\u00e9e par deux passionn\u00e9s.<\/p>\n<\/div>\n\n\n\n<div class=\"wp-block-uagb-container uagb-block-94294255\"><\/div>\n<\/div><\/div>\n\n\n\n<div class=\"wp-block-uagb-container uagb-block-98cecfdf alignfull uagb-is-root-container\"><div class=\"uagb-container-inner-blocks-wrap\">\n<div class=\"wp-block-uagb-container uagb-block-102394ec\">\n<div class=\"wp-block-uagb-info-box uagb-block-55ffecca uagb-infobox__content-wrap  uagb-infobox-icon-above-title uagb-infobox-image-valign-top\"><div class=\"uagb-ifb-content\"><div class=\"uagb-ifb-title-wrap\"><span class=\"uagb-ifb-title-prefix\">\/ 02<\/span><div class=\"uagb-ifb-separator\"><\/div><h4 class=\"uagb-ifb-title\">Pourquoi choisir Blackhaus\u200b<\/h4><\/div><\/div><\/div>\n\n\n\n<div class=\"wp-block-uagb-container uagb-block-a2451b81\">\n<div class=\"wp-block-uagb-info-box uagb-block-051a23e4 uagb-infobox__content-wrap  uagb-infobox-icon-above-title uagb-infobox-image-valign-top\"><div class=\"uagb-ifb-content\"><div class=\"uagb-ifb-title-wrap\"><div class=\"uagb-ifb-separator\"><\/div><\/div><\/div><\/div>\n\n\n\n<div class=\"wp-block-uagb-advanced-heading uagb-block-92298d0d\"><\/div>\n<\/div>\n\n\n\n<div class=\"wp-block-uagb-icon-list uagb-block-22017447\"><div class=\"uagb-icon-list__wrap\">\n<div class=\"wp-block-uagb-icon-list-child uagb-block-dbb084be\"><span class=\"uagb-icon-list__source-wrap\"><svg xmlns=\"https:\/\/www.w3.org\/2000\/svg\" viewbox=\"0 0 256 512\"><path d=\"M64 448c-8.188 0-16.38-3.125-22.62-9.375c-12.5-12.5-12.5-32.75 0-45.25L178.8 256L41.38 118.6c-12.5-12.5-12.5-32.75 0-45.25s32.75-12.5 45.25 0l160 160c12.5 12.5 12.5 32.75 0 45.25l-160 160C80.38 444.9 72.19 448 64 448z\"><\/path><\/svg><\/span><span class=\"uagb-icon-list__label\">Expertise sp\u00e9cialis\u00e9e en rev\u00eatement de bois br\u00fbl\u00e9<\/span><\/div>\n\n\n\n<div class=\"wp-block-uagb-icon-list-child uagb-block-74ddd4d6\"><span class=\"uagb-icon-list__source-wrap\"><svg xmlns=\"https:\/\/www.w3.org\/2000\/svg\" viewbox=\"0 0 256 512\"><path d=\"M64 448c-8.188 0-16.38-3.125-22.62-9.375c-12.5-12.5-12.5-32.75 0-45.25L178.8 256L41.38 118.6c-12.5-12.5-12.5-32.75 0-45.25s32.75-12.5 45.25 0l160 160c12.5 12.5 12.5 32.75 0 45.25l-160 160C80.38 444.9 72.19 448 64 448z\"><\/path><\/svg><\/span><span class=\"uagb-icon-list__label\">Mat\u00e9riaux de source locale<\/span><\/div>\n\n\n\n<div class=\"wp-block-uagb-icon-list-child uagb-block-c72f04e5\"><span class=\"uagb-icon-list__source-wrap\"><svg xmlns=\"https:\/\/www.w3.org\/2000\/svg\" viewbox=\"0 0 256 512\"><path d=\"M64 448c-8.188 0-16.38-3.125-22.62-9.375c-12.5-12.5-12.5-32.75 0-45.25L178.8 256L41.38 118.6c-12.5-12.5-12.5-32.75 0-45.25s32.75-12.5 45.25 0l160 160c12.5 12.5 12.5 32.75 0 45.25l-160 160C80.38 444.9 72.19 448 64 448z\"><\/path><\/svg><\/span><span class=\"uagb-icon-list__label\">Finition soign\u00e9e et souci du d\u00e9tail<\/span><\/div>\n\n\n\n<div class=\"wp-block-uagb-icon-list-child uagb-block-a5837233\"><span class=\"uagb-icon-list__source-wrap\"><svg xmlns=\"https:\/\/www.w3.org\/2000\/svg\" viewbox=\"0 0 256 512\"><path d=\"M64 448c-8.188 0-16.38-3.125-22.62-9.375c-12.5-12.5-12.5-32.75 0-45.25L178.8 256L41.38 118.6c-12.5-12.5-12.5-32.75 0-45.25s32.75-12.5 45.25 0l160 160c12.5 12.5 12.5 32.75 0 45.25l-160 160C80.38 444.9 72.19 448 64 448z\"><\/path><\/svg><\/span><span class=\"uagb-icon-list__label\">Service professionnel et accompagnement personnalis\u00e9 <\/span><\/div>\n<\/div><\/div>\n\n\n\n<div class=\"wp-block-uagb-container uagb-block-e45332c1\">\n<div class=\"wp-block-uagb-info-box uagb-block-7f36e846 uagb-infobox__content-wrap  uagb-infobox-icon-above-title uagb-infobox-image-valign-top\"><div class=\"uagb-ifb-content\"><div class=\"uagb-ifb-title-wrap\"><div class=\"uagb-ifb-separator\"><\/div><\/div><\/div><\/div>\n\n\n\n<div class=\"wp-block-uagb-advanced-heading uagb-block-1d2d83a9\"><h4 class=\"uagb-heading-text\">engagement blackhaus<\/h4><\/div>\n<\/div>\n\n\n\n<p style=\"padding-top:0;padding-right:0;padding-bottom:0;padding-left:0\">Chaque projet est ex\u00e9cut\u00e9 avec rigueur, pr\u00e9cision et souci de la qualit\u00e9. Nous privil\u00e9gions des mat\u00e9riaux durables, des m\u00e9thodes \u00e9prouv\u00e9es pour une finition architecturale<br>incomparable.<\/p>\n<\/div>\n<\/div><\/div>\n\n\n\n<p><\/p>","protected":false},"excerpt":{"rendered":"<p>Blackhaus \u00e0 propos artisan du feu Julie et Raoul, un couple, une \u00e9quipe. Anim\u00e9s par une passion commune pour le bois et l\u2019architecture, nous avons fond\u00e9 Blackhaus avec une vision claire : offrir un rev\u00eatement en bois br\u00fbl\u00e9 \u00e0 la fois durable, distinctif et profond\u00e9ment esth\u00e9tique. Chaque projet que nous r\u00e9alisons est guid\u00e9 par notre [&hellip;]<\/p>\n","protected":false},"author":1,"featured_media":0,"parent":0,"menu_order":0,"comment_status":"closed","ping_status":"closed","template":"","meta":{"_uag_custom_page_level_css":"","site-sidebar-layout":"no-sidebar","site-content-layout":"plain-container","ast-site-content-layout":"normal-width-container","site-content-style":"unboxed","site-sidebar-style":"unboxed","ast-global-header-display":"","ast-banner-title-visibility":"","ast-main-header-display":"","ast-hfb-above-header-display":"","ast-hfb-below-header-display":"","ast-hfb-mobile-header-display":"","site-post-title":"disabled","ast-breadcrumbs-content":"","ast-featured-img":"","footer-sml-layout":"","ast-disable-related-posts":"","theme-transparent-header-meta":"enabled","adv-header-id-meta":"","stick-header-meta":"","header-above-stick-meta":"","header-main-stick-meta":"","header-below-stick-meta":"","astra-migrate-meta-layouts":"set","ast-page-background-enabled":"default","ast-page-background-meta":{"desktop":{"background-color":"","background-image":"","background-repeat":"repeat","background-position":"center center","background-size":"auto","background-attachment":"scroll","background-type":"","background-media":"","overlay-type":"","overlay-color":"","overlay-opacity":"","overlay-gradient":""},"tablet":{"background-color":"","background-image":"","background-repeat":"repeat","background-position":"center center","background-size":"auto","background-attachment":"scroll","background-type":"","background-media":"","overlay-type":"","overlay-color":"","overlay-opacity":"","overlay-gradient":""},"mobile":{"background-color":"","background-image":"","background-repeat":"repeat","background-position":"center center","background-size":"auto","background-attachment":"scroll","background-type":"","background-media":"","overlay-type":"","overlay-color":"","overlay-opacity":"","overlay-gradient":""}},"ast-content-background-meta":{"desktop":{"background-color":"var(--ast-global-color-5)","background-image":"","background-repeat":"repeat","background-position":"center center","background-size":"auto","background-attachment":"scroll","background-type":"","background-media":"","overlay-type":"","overlay-color":"","overlay-opacity":"","overlay-gradient":""},"tablet":{"background-color":"var(--ast-global-color-5)","background-image":"","background-repeat":"repeat","background-position":"center center","background-size":"auto","background-attachment":"scroll","background-type":"","background-media":"","overlay-type":"","overlay-color":"","overlay-opacity":"","overlay-gradient":""},"mobile":{"background-color":"var(--ast-global-color-5)","background-image":"","background-repeat":"repeat","background-position":"center center","background-size":"auto","background-attachment":"scroll","background-type":"","background-media":"","overlay-type":"","overlay-color":"","overlay-opacity":"","overlay-gradient":""}},"footnotes":""},"class_list":["post-10","page","type-page","status-publish","hentry"],"aioseo_notices":[],"_hostinger_reach_plugin_has_subscription_block":false,"_hostinger_reach_plugin_is_elementor":false,"uagb_featured_image_src":{"full":false,"thumbnail":false,"medium":false,"medium_large":false,"large":false,"1536x1536":false,"2048x2048":false,"trp-custom-language-flag":false},"uagb_author_info":{"display_name":"raoul.spuhler@hotmail.com","author_link":"https:\/\/blackhauscanada.com\/en\/author\/raoul-spuhlerhotmail-com\/"},"uagb_comment_info":0,"uagb_excerpt":"Blackhaus \u00e0 propos artisan du feu Julie et Raoul, un couple, une \u00e9quipe. Anim\u00e9s par une passion commune pour le bois et l\u2019architecture, nous avons fond\u00e9 Blackhaus avec une vision claire : offrir un rev\u00eatement en bois br\u00fbl\u00e9 \u00e0 la fois durable, distinctif et profond\u00e9ment esth\u00e9tique. Chaque projet que nous r\u00e9alisons est guid\u00e9 par notre&hellip;","_links":{"self":[{"href":"https:\/\/blackhauscanada.com\/en\/wp-json\/wp\/v2\/pages\/10","targetHints":{"allow":["GET"]}}],"collection":[{"href":"https:\/\/blackhauscanada.com\/en\/wp-json\/wp\/v2\/pages"}],"about":[{"href":"https:\/\/blackhauscanada.com\/en\/wp-json\/wp\/v2\/types\/page"}],"author":[{"embeddable":true,"href":"https:\/\/blackhauscanada.com\/en\/wp-json\/wp\/v2\/users\/1"}],"replies":[{"embeddable":true,"href":"https:\/\/blackhauscanada.com\/en\/wp-json\/wp\/v2\/comments?post=10"}],"version-history":[{"count":37,"href":"https:\/\/blackhauscanada.com\/en\/wp-json\/wp\/v2\/pages\/10\/revisions"}],"predecessor-version":[{"id":2878,"href":"https:\/\/blackhauscanada.com\/en\/wp-json\/wp\/v2\/pages\/10\/revisions\/2878"}],"wp:attachment":[{"href":"https:\/\/blackhauscanada.com\/en\/wp-json\/wp\/v2\/media?parent=10"}],"curies":[{"name":"wp","href":"https:\/\/api.w.org\/{rel}","templated":true}]}}